{"id":628,"date":"2025-04-09T08:32:51","date_gmt":"2025-04-09T08:32:51","guid":{"rendered":"https:\/\/emttarge.com\/site\/?page_id=628"},"modified":"2025-04-09T08:50:49","modified_gmt":"2025-04-09T08:50:49","slug":"online-software","status":"publish","type":"page","link":"https:\/\/emttarge.com\/site\/online-software\/","title":{"rendered":"Online Software"},"content":{"rendered":"\n\n\n<p>E\u011fitim ama\u00e7l\u0131 \u00e7evrim i\u00e7i yaz\u0131l\u0131mlara buradan<a href=\"https:\/\/emttarge.com\/site\/jfm\/\"> ula\u015fabilirisiniz <\/a><\/p>\n\n\n\n<p>veri format\u0131<br \/>DAO verisi i\u00e7in<\/p>\n<p>AB\/2 (m)\u00a0 \u00a0 \u00a0 \u00a0 G\u00f6r. \u00d6zdiren\u00e7 (ohm.m)<br \/>\u00a05.\u00a0 \u00a0 \u00a0 \u00a075.00<br \/>10.\u00a0 \u00a0 \u00a0 75.0<br \/>16.\u00a0 \u00a0 \u00a0 75.4<br \/>20.\u00a0 \u00a0 \u00a0 75.9<br \/>30.\u00a0 \u00a0 \u00a0 78.2<br \/>40.\u00a0 \u00a0 \u00a0 82.2<br \/><br \/><\/p>\n<p>MT verisi i\u00e7in\u00a0\u00a0<br \/>frq. (Hz)\u00a0 \u00a0 G\u00f6r \u00f6zd. (ohm.m)\u00a0 \u00a0 \u00a0 \u00a0Faz (derece)<br \/>128\u00a0 \u00a0 \u00a0 \u00a025.979088\u00a0 \u00a0 \u00a0 36.79<br \/>64\u00a0 \u00a0 \u00a0 \u00a0 \u00a028.601588\u00a0 \u00a0 \u00a0 \u00a049.43<br \/>32\u00a0 \u00a0 \u00a0 \u00a0 \u00a022.615804\u00a0 \u00a0 \u00a0 \u00a061.1<br \/>16\u00a0 \u00a0 \u00a0 \u00a0 14.851382\u00a0 \u00a0 \u00a0 \u00a0 67.9<br \/>8\u00a0 \u00a0 \u00a0 \u00a0 \u00a0 9.2971971\u00a0 \u00a0 \u00a0 \u00a0 70.25<br \/>4\u00a0 \u00a0 \u00a0 \u00a0 \u00a0 5.9367738\u00a0 \u00a0 \u00a0 \u00a069.6<br \/><br \/><\/p>\n","protected":false},"excerpt":{"rendered":"<p>E\u011fitim ama\u00e7l\u0131 \u00e7evrim i\u00e7i yaz\u0131l\u0131mlara buradan ula\u015fabilirisiniz veri format\u0131DAO verisi i\u00e7in AB\/2 (m)\u00a0 \u00a0 \u00a0 \u00a0 G\u00f6r. \u00d6zdiren\u00e7 (ohm.m)\u00a05.\u00a0 \u00a0 \u00a0 \u00a075.0010.\u00a0 \u00a0 \u00a0 75.016.\u00a0 \u00a0 \u00a0 75.420.\u00a0 \u00a0 \u00a0 75.930.\u00a0 \u00a0 \u00a0 78.240.\u00a0 \u00a0 \u00a0 82.2 MT verisi i\u00e7in\u00a0\u00a0frq. (Hz)\u00a0 \u00a0 G\u00f6r \u00f6zd. (ohm.m)\u00a0 \u00a0 \u00a0 \u00a0Faz (derece)128\u00a0 \u00a0 \u00a0 \u00a025.979088\u00a0 \u00a0 \u00a0 36.7964\u00a0 &hellip; <\/p>\n<p class=\"link-more\"><a href=\"https:\/\/emttarge.com\/site\/online-software\/\" class=\"more-link\">Okumaya devam et<span class=\"screen-reader-text\"> &#8220;Online Software&#8221;<\/span><\/a><\/p>\n","protected":false},"author":1,"featured_media":0,"parent":0,"menu_order":0,"comment_status":"closed","ping_status":"closed","template":"","meta":{"footnotes":""},"class_list":["post-628","page","type-page","status-publish","hentry"],"_links":{"self":[{"href":"https:\/\/emttarge.com\/site\/wp-json\/wp\/v2\/pages\/628","targetHints":{"allow":["GET"]}}],"collection":[{"href":"https:\/\/emttarge.com\/site\/wp-json\/wp\/v2\/pages"}],"about":[{"href":"https:\/\/emttarge.com\/site\/wp-json\/wp\/v2\/types\/page"}],"author":[{"embeddable":true,"href":"https:\/\/emttarge.com\/site\/wp-json\/wp\/v2\/users\/1"}],"replies":[{"embeddable":true,"href":"https:\/\/emttarge.com\/site\/wp-json\/wp\/v2\/comments?post=628"}],"version-history":[{"count":4,"href":"https:\/\/emttarge.com\/site\/wp-json\/wp\/v2\/pages\/628\/revisions"}],"predecessor-version":[{"id":640,"href":"https:\/\/emttarge.com\/site\/wp-json\/wp\/v2\/pages\/628\/revisions\/640"}],"wp:attachment":[{"href":"https:\/\/emttarge.com\/site\/wp-json\/wp\/v2\/media?parent=628"}],"curies":[{"name":"wp","href":"https:\/\/api.w.org\/{rel}","templated":true}]}}