{"id":490,"date":"2019-07-17T14:30:57","date_gmt":"2019-07-17T14:30:57","guid":{"rendered":"https:\/\/emttarge.com\/site\/?page_id=490"},"modified":"2019-08-02T07:41:49","modified_gmt":"2019-08-02T07:41:49","slug":"sp-veya-du-elektrodlari","status":"publish","type":"page","link":"https:\/\/emttarge.com\/site\/sp-veya-du-elektrodlari\/","title":{"rendered":"SP veya DU elektrodlar\u0131"},"content":{"rendered":"\n<p>Elektrotlar\u0131n\u0131z\u0131 ald\u0131ktan sonra ek bilgiye ihtiyac\u0131n\u0131z olacakt\u0131r.<\/p>\n\n\n\n<ul class=\"wp-block-list\"><li>\u015eu anda Pb-PbCl ve Cu-CuCl bazl\u0131 kuru elektrotlar \u00fcretiyoruz ve sat\u0131yoruz. Kuru elektrot, kullan\u0131c\u0131n\u0131n herhangi bir imalat malzemesine temas etmeyece\u011fi anlam\u0131na gelir. Ancak kur\u015fun (Pb) \u00e7ok zehirlidir ve kullan\u0131m s\u0131ras\u0131nda elektrodun zarar g\u00f6rmesi halinde dikkatlice bertaraf edilmesini gerektirir.<br><\/li><li>Her elektrot i\u00e7inde dolgu olarak kaolin ve al\u00e7\u0131 kar\u0131\u015f\u0131m\u0131 kullan\u0131lmaktad\u0131r. Altta ise seramik bir kapak vard\u0131r.<br><\/li><li>Elektrotlar\u0131n b\u00fcy\u00fckl\u00fc\u011f\u00fc iste\u011fe (kullan\u0131m amac\u0131na ) ba\u011fl\u0131 olarak de\u011fi\u015fmektedir.<br><\/li><li>Kullan\u0131mdan sonra elektrotlar y\u0131kanmal\u0131 ve kurutulmal\u0131d\u0131r.  Herhangi bir depolama alan\u0131nda saklanabilir.<br><\/li><li>Elektrotlar\u0131n kullan\u0131m\u0131ndan yakla\u015f\u0131k 12 saat \u00f6ncesi suya bat\u0131r\u0131lmas\u0131 gerekir. Bunu yapmak i\u00e7in, elektrot \u00e7iftlerini \u00fcstten birka\u00e7 cm kalana kadar bir kova i\u00e7inde suya bat\u0131r\u0131n ve tellerini birbirine ba\u011flay\u0131p k\u0131sa devre yapt\u0131r\u0131n.<br><\/li><li>Bu i\u015flemden sonra, elektrotlar her zamanki gibi kullan\u0131labilir. \u00d6l\u00e7\u00fcm alan\u0131 \u00e7ok kuru  ise \u00e7ukurlarda bentonit kullan\u0131m\u0131 kontak direncini azaltmaya yard\u0131mc\u0131 olacakt\u0131r.<br><\/li><li>So\u011fuk ortam\u0131n etkisinin olmad\u0131\u011f\u0131n\u0131 d\u00fc\u015f\u00fcn\u00fcyoruz. -32C&#8217; ye kadar herhangi bir sorunla kar\u015f\u0131la\u015fmadan deneme yapt\u0131k. So\u011fuk ortam\u0131n herhangi bir etkisinin olmad\u0131\u011f\u0131n\u0131 d\u00fc\u015f\u00fcn\u00fcyoruz.  <br><\/li><li>Elektrotlar\u0131n bertaraf\u0131nda, kanuni d\u00fczenlemelere uyulmal\u0131d\u0131r.<\/li><\/ul>\n\n\n\n<p><\/p>\n","protected":false},"excerpt":{"rendered":"<p>Elektrotlar\u0131n\u0131z\u0131 ald\u0131ktan sonra ek bilgiye ihtiyac\u0131n\u0131z olacakt\u0131r. \u015eu anda Pb-PbCl ve Cu-CuCl bazl\u0131 kuru elektrotlar \u00fcretiyoruz ve sat\u0131yoruz. Kuru elektrot, kullan\u0131c\u0131n\u0131n herhangi bir imalat malzemesine temas etmeyece\u011fi anlam\u0131na gelir. Ancak kur\u015fun (Pb) \u00e7ok zehirlidir ve kullan\u0131m s\u0131ras\u0131nda elektrodun zarar g\u00f6rmesi halinde dikkatlice bertaraf edilmesini gerektirir. Her elektrot i\u00e7inde dolgu olarak kaolin ve al\u00e7\u0131 kar\u0131\u015f\u0131m\u0131 kullan\u0131lmaktad\u0131r. &hellip; <\/p>\n<p class=\"link-more\"><a href=\"https:\/\/emttarge.com\/site\/sp-veya-du-elektrodlari\/\" class=\"more-link\">Okumaya devam et<span class=\"screen-reader-text\"> &#8220;SP veya DU elektrodlar\u0131&#8221;<\/span><\/a><\/p>\n","protected":false},"author":1,"featured_media":0,"parent":0,"menu_order":0,"comment_status":"closed","ping_status":"closed","template":"","meta":{"footnotes":""},"class_list":["post-490","page","type-page","status-publish","hentry"],"_links":{"self":[{"href":"https:\/\/emttarge.com\/site\/wp-json\/wp\/v2\/pages\/490","targetHints":{"allow":["GET"]}}],"collection":[{"href":"https:\/\/emttarge.com\/site\/wp-json\/wp\/v2\/pages"}],"about":[{"href":"https:\/\/emttarge.com\/site\/wp-json\/wp\/v2\/types\/page"}],"author":[{"embeddable":true,"href":"https:\/\/emttarge.com\/site\/wp-json\/wp\/v2\/users\/1"}],"replies":[{"embeddable":true,"href":"https:\/\/emttarge.com\/site\/wp-json\/wp\/v2\/comments?post=490"}],"version-history":[{"count":4,"href":"https:\/\/emttarge.com\/site\/wp-json\/wp\/v2\/pages\/490\/revisions"}],"predecessor-version":[{"id":504,"href":"https:\/\/emttarge.com\/site\/wp-json\/wp\/v2\/pages\/490\/revisions\/504"}],"wp:attachment":[{"href":"https:\/\/emttarge.com\/site\/wp-json\/wp\/v2\/media?parent=490"}],"curies":[{"name":"wp","href":"https:\/\/api.w.org\/{rel}","templated":true}]}}