{"id":338,"date":"2018-12-22T16:24:59","date_gmt":"2018-12-22T16:24:59","guid":{"rendered":"https:\/\/emttarge.com\/site\/?page_id=338"},"modified":"2019-01-10T16:23:47","modified_gmt":"2019-01-10T16:23:47","slug":"masw-ve-modelleme","status":"publish","type":"page","link":"https:\/\/emttarge.com\/site\/hizmetler\/masw-ve-modelleme\/","title":{"rendered":"MASW ve Modelleme"},"content":{"rendered":"<p>MASW verilerinin nas\u0131l toplanmas\u0131 ile ilgili baz\u0131 ayr\u0131nt\u0131lar i\u00e7in\u00a0<a href=\"https:\/\/emttarge.com\/site\/masw\/\">t\u0131klay\u0131n\u0131z<\/a>.<\/p>\n<p><strong><br \/>\n1B ve modelleme<\/strong><\/p>\n<p>Saha \u00e7al\u0131\u015fmas\u0131ndan tek bir serimden veri elde ettiyseniz. Bu verilerin ters \u00e7\u00f6z\u00fcm\u00fc yap\u0131larak sunulur. Ters \u00e7\u00f6z\u00fcmde;<\/p>\n<p>1 &#8211; Occam ters \u00e7\u00f6z\u00fcm\u00fc ile tabaka say\u0131s\u0131 kestirilir,<\/p>\n<p>2 &#8211; Tabakal\u0131 ortam yakla\u015f\u0131m\u0131 ile yeralt\u0131nda VS h\u0131z de\u011fi\u015fimi elde edilir.<\/p>\n<p>MASW verileri taraf\u0131m\u0131za, txt olarak iletilebilir.\u00a0<a href=\"https:\/\/emttarge.com\/site\/iletisim\/\">\u0130leti\u015fim i\u00e7in t\u0131klay\u0131n.<\/a><\/p>\n<p><strong>Yapay 2B kesit<\/strong><\/p>\n<p>Saha \u00e7al\u0131\u015fmas\u0131nda, hat boyunca serim kayd\u0131rarak \u00e7oklu veriler elde ettiyseniz. Bu verilerin ters \u00e7\u00f6z\u00fcm\u00fc yap\u0131larak kesitler olu\u015fturulur. Ters \u00e7\u00f6z\u00fcmde her bir serim i\u00e7in;<\/p>\n<p>1 &#8211; Occam ters \u00e7\u00f6z\u00fcm\u00fc ile tabaka say\u0131s\u0131 kestirilir,,<\/p>\n<p>2 &#8211; Tabakal\u0131 ortam yakla\u015f\u0131m\u0131 ile yeralt\u0131nda VS h\u0131z de\u011fi\u015fimi elde edilir.<\/p>\n<p>Daha sonra her iki sonu\u00e7 t\u00fcr\u00fc 2B kesit haline getirilir.<\/p>\n<p>MASW verileri taraf\u0131m\u0131za, txt olarak iletilebilir.\u00a0<a href=\"https:\/\/emttarge.com\/site\/iletisim\/\">\u0130leti\u015fim i\u00e7in t\u0131klay\u0131n.<\/a><\/p>\n","protected":false},"excerpt":{"rendered":"<p>MASW verilerinin nas\u0131l toplanmas\u0131 ile ilgili baz\u0131 ayr\u0131nt\u0131lar i\u00e7in\u00a0t\u0131klay\u0131n\u0131z. 1B ve modelleme Saha \u00e7al\u0131\u015fmas\u0131ndan tek bir serimden veri elde ettiyseniz. Bu verilerin ters \u00e7\u00f6z\u00fcm\u00fc yap\u0131larak sunulur. Ters \u00e7\u00f6z\u00fcmde; 1 &#8211; Occam ters \u00e7\u00f6z\u00fcm\u00fc ile tabaka say\u0131s\u0131 kestirilir, 2 &#8211; Tabakal\u0131 ortam yakla\u015f\u0131m\u0131 ile yeralt\u0131nda VS h\u0131z de\u011fi\u015fimi elde edilir. MASW verileri taraf\u0131m\u0131za, txt olarak iletilebilir.\u00a0\u0130leti\u015fim &hellip; <\/p>\n<p class=\"link-more\"><a href=\"https:\/\/emttarge.com\/site\/hizmetler\/masw-ve-modelleme\/\" class=\"more-link\">Okumaya devam et<span class=\"screen-reader-text\"> &#8220;MASW ve Modelleme&#8221;<\/span><\/a><\/p>\n","protected":false},"author":1,"featured_media":0,"parent":7,"menu_order":0,"comment_status":"closed","ping_status":"closed","template":"","meta":{"footnotes":""},"class_list":["post-338","page","type-page","status-publish","hentry"],"_links":{"self":[{"href":"https:\/\/emttarge.com\/site\/wp-json\/wp\/v2\/pages\/338","targetHints":{"allow":["GET"]}}],"collection":[{"href":"https:\/\/emttarge.com\/site\/wp-json\/wp\/v2\/pages"}],"about":[{"href":"https:\/\/emttarge.com\/site\/wp-json\/wp\/v2\/types\/page"}],"author":[{"embeddable":true,"href":"https:\/\/emttarge.com\/site\/wp-json\/wp\/v2\/users\/1"}],"replies":[{"embeddable":true,"href":"https:\/\/emttarge.com\/site\/wp-json\/wp\/v2\/comments?post=338"}],"version-history":[{"count":4,"href":"https:\/\/emttarge.com\/site\/wp-json\/wp\/v2\/pages\/338\/revisions"}],"predecessor-version":[{"id":456,"href":"https:\/\/emttarge.com\/site\/wp-json\/wp\/v2\/pages\/338\/revisions\/456"}],"up":[{"embeddable":true,"href":"https:\/\/emttarge.com\/site\/wp-json\/wp\/v2\/pages\/7"}],"wp:attachment":[{"href":"https:\/\/emttarge.com\/site\/wp-json\/wp\/v2\/media?parent=338"}],"curies":[{"name":"wp","href":"https:\/\/api.w.org\/{rel}","templated":true}]}}