{"id":297,"date":"2018-12-21T15:20:51","date_gmt":"2018-12-21T15:20:51","guid":{"rendered":"https:\/\/emttarge.com\/site\/?page_id=297"},"modified":"2023-11-09T07:44:17","modified_gmt":"2023-11-09T07:44:17","slug":"des-ve-modelleme","status":"publish","type":"page","link":"https:\/\/emttarge.com\/site\/hizmetler\/des-ve-modelleme\/","title":{"rendered":"DES ve modelleme"},"content":{"rendered":"<p>DES verilerinin nas\u0131l toplanmas\u0131 gerekti\u011fi ve dikkat edilmesi gereken baz\u0131 ayr\u0131nt\u0131lar konusunda ek bilgi i\u00e7in\u00a0<a href=\"https:\/\/emttarge.com\/site\/des\/\">t\u0131klay\u0131n\u0131z<\/a>.<\/p>\n<p><strong>1B ve modelleme<\/strong><\/p>\n<p>Saha \u00e7al\u0131\u015fmas\u0131ndan elde etti\u011finiz verilerin ters \u00e7\u00f6z\u00fcm\u00fc yap\u0131larak ve uygun noktalar kullan\u0131larak iki t\u00fcrde kesit haz\u0131rlan\u0131r;<\/p>\n<table style=\"height: 180px;\" width=\"649\">\n<tbody>\n<tr>\n<td style=\"width: 353px;\"><img loading=\"lazy\" decoding=\"async\" class=\"alignnone  wp-image-442\" src=\"https:\/\/emttarge.com\/site\/wp-content\/uploads\/2018\/12\/ocam1d-300x150.png\" alt=\"\" width=\"406\" height=\"203\" srcset=\"https:\/\/emttarge.com\/site\/wp-content\/uploads\/2018\/12\/ocam1d-300x150.png 300w, https:\/\/emttarge.com\/site\/wp-content\/uploads\/2018\/12\/ocam1d-768x385.png 768w, https:\/\/emttarge.com\/site\/wp-content\/uploads\/2018\/12\/ocam1d-1024x514.png 1024w, https:\/\/emttarge.com\/site\/wp-content\/uploads\/2018\/12\/ocam1d.png 1920w\" sizes=\"auto, (max-width: 406px) 100vw, 406px\" \/><\/p>\n<p>1- Occam ters \u00e7\u00f6z\u00fcm\u00fc ile ince tabakalar kullanarak kesit \u00fcretilir,<\/td>\n<td style=\"width: 278px;\"><\/td>\n<\/tr>\n<\/tbody>\n<\/table>\n<table>\n<tbody>\n<tr>\n<td>\n<figure id=\"attachment_443\" aria-describedby=\"caption-attachment-443\" style=\"width: 300px\" class=\"wp-caption alignnone\"><img loading=\"lazy\" decoding=\"async\" class=\"size-medium wp-image-443\" src=\"https:\/\/emttarge.com\/site\/wp-content\/uploads\/2018\/12\/layer-300x280.png\" alt=\"\" width=\"300\" height=\"280\" srcset=\"https:\/\/emttarge.com\/site\/wp-content\/uploads\/2018\/12\/layer-300x280.png 300w, https:\/\/emttarge.com\/site\/wp-content\/uploads\/2018\/12\/layer-768x716.png 768w, https:\/\/emttarge.com\/site\/wp-content\/uploads\/2018\/12\/layer.png 786w\" sizes=\"auto, (max-width: 300px) 100vw, 300px\" \/><figcaption id=\"caption-attachment-443\" class=\"wp-caption-text\">Tabakl\u0131 model sonucu<\/figcaption><\/figure>\n<p>2- tabakal\u0131 ortam yakla\u015f\u0131m\u0131 ile kesit \u00fcretilir.<\/td>\n<td><\/td>\n<\/tr>\n<\/tbody>\n<\/table>\n<p>Bu \u00e7al\u0131\u015fma i\u00e7in \u00f6l\u00e7\u00fcm noktalar\u0131n\u0131n koordinatlar\u0131 ve a\u00e7\u0131l\u0131m do\u011frultular\u0131 gerekmektedir. DES verileri taraf\u0131m\u0131za,<\/p>\n<p>AB\/2\u00a0 \u00a0 \u00a0MN (veya MN\/2)\u00a0\u00a0 Roa<br \/>\n2\u00a0 \u00a0 \u00a0 \u00a0 \u00a0 \u00a0 \u00a0 \u00a0 \u00a0 \u00a0 \u00a00.25\u00a0 \u00a0 \u00a0 \u00a0 \u00a0 \u00a0 \u00a0 \u00a0 \u00a0 \u00a0 \u00a0 \u00a010<br \/>\n3\u00a0 \u00a0 \u00a0 \u00a0 \u00a0 \u00a0 \u00a0 \u00a0 \u00a0 \u00a0 \u00a00.25\u00a0 \u00a0 \u00a0 \u00a0 \u00a0 \u00a0 \u00a0 \u00a0 \u00a0 \u00a0 10.3<br \/>\n\u2026<\/p>\n<p>olarak g\u00f6nderilirse uygun verilerden yapay 2B kesit (ve seviye haritalar\u0131) \u00fcretilebilir. <a href=\"https:\/\/emttarge.com\/site\/iletisim\/\">\u0130leti\u015fim i\u00e7in t\u0131klay\u0131n.<\/a><\/p>\n<p><strong>2B ve modelleme<\/strong><\/p>\n<table>\n<tbody>\n<tr>\n<td>\n<figure id=\"attachment_434\" aria-describedby=\"caption-attachment-434\" style=\"width: 129px\" class=\"wp-caption alignnone\"><img loading=\"lazy\" decoding=\"async\" class=\"size-medium wp-image-434\" src=\"https:\/\/emttarge.com\/site\/wp-content\/uploads\/2018\/12\/2dinv-129x300.png\" alt=\"2B ters \u00e7\u00f6z\u00fcm\" width=\"129\" height=\"300\" srcset=\"https:\/\/emttarge.com\/site\/wp-content\/uploads\/2018\/12\/2dinv-129x300.png 129w, https:\/\/emttarge.com\/site\/wp-content\/uploads\/2018\/12\/2dinv.png 410w\" sizes=\"auto, (max-width: 129px) 100vw, 129px\" \/><figcaption id=\"caption-attachment-434\" class=\"wp-caption-text\">2D inversion result<\/figcaption><\/figure>\n<p>Saha \u00e7al\u0131\u015fmas\u0131ndan elde etti\u011finiz verilerin 2B ters \u00e7\u00f6z\u00fcm\u00fc yap\u0131larak kesit haz\u0131rlan\u0131r;<\/td>\n<td><\/td>\n<\/tr>\n<\/tbody>\n<\/table>\n<p>Bu \u00e7al\u0131\u015fma i\u00e7in \u00f6l\u00e7\u00fcm noktalar\u0131n\u0131n koordinatlar\u0131 (veya noktalar aras\u0131 uzakl\u0131k) ve a\u00e7\u0131l\u0131m do\u011frultular\u0131 gerekmektedir;<\/p>\n<p>DES1 X1 Y1 Z1<\/p>\n<p>DES2 X2 Y2 Z2<br \/>\n\u2026<\/p>\n<p>A\u00e7\u0131l\u0131mlar X (KG) y\u00f6nl\u00fc veya Y (DB) veya herhangi bir y\u00f6nl\u00fc olabilir ancak birbiri ile \u00f6rt\u00fc\u015fmelidir (<a href=\"https:\/\/emttarge.com\/site\/des\/\">ayr\u0131nt\u0131 i\u00e7in t\u0131klay\u0131n<\/a>).\u00a0 DES Verileri taraf\u0131m\u0131za,<\/p>\n<p>AB\/2\u00a0 \u00a0 \u00a0MN (veya MN\/2)\u00a0\u00a0 Roa<br \/>\n2\u00a0 \u00a0 \u00a0 \u00a0 \u00a0 \u00a0 \u00a0 \u00a0 \u00a0 \u00a0 \u00a00.25\u00a0 \u00a0 \u00a0 \u00a0 \u00a0 \u00a0 \u00a0 \u00a0 \u00a0 \u00a0 \u00a0 \u00a010<br \/>\n3\u00a0 \u00a0 \u00a0 \u00a0 \u00a0 \u00a0 \u00a0 \u00a0 \u00a0 \u00a0 \u00a00.25\u00a0 \u00a0 \u00a0 \u00a0 \u00a0 \u00a0 \u00a0 \u00a0 \u00a0 \u00a0 10.3<br \/>\n\u2026<\/p>\n<p>olarak g\u00f6nderilirse 2B kesit (ve uygun verilerden seviye haritalar\u0131) \u00fcretilebilir.\u00a0 Profil boyunca topografya bilgisi varsa ters \u00e7\u00f6z\u00fcm i\u015fleminde kullan\u0131l\u0131r. <a href=\"https:\/\/emttarge.com\/site\/iletisim\/\">\u0130leti\u015fim i\u00e7in t\u0131klay\u0131n.<\/a><\/p>\n<p><strong>3B modelleme<\/strong><\/p>\n<p>Saha \u00e7al\u0131\u015fmas\u0131ndan elde edece\u011finiz verilerin ne kadar bilgi sa\u011flayaca\u011f\u0131n\u0131, \u00e7evre jeolojisinden ve olu\u015fumlardan (g\u00f6l, deniz, vb) nas\u0131l etkilenece\u011fini ve \u00e7al\u0131\u015fma plan\u0131n yap\u0131lmas\u0131 amac\u0131yla gerekli \u00f6n bilgiyi sa\u011flamak i\u00e7in olas\u0131 veya beklenen modelin \u00fczerinde DES verileri yapay olarak olu\u015fturulur.<\/p>\n<p>Se\u00e7ilen hatlar boyunca\u00a0 1B veya 2B ters \u00e7\u00f6z\u00fcm\u00fc yap\u0131larak kesit haz\u0131rlan\u0131r. \u00a0<a href=\"https:\/\/emttarge.com\/site\/iletisim\/\">\u0130leti\u015fim i\u00e7in t\u0131klay\u0131n<\/a><\/p>\n<p><strong>Kaynak\u00e7a<br \/>\n<\/strong>Uluocak, E. \u015e., &amp; <strong>Ulugergerli<\/strong>, E. (2024). Yer Bilimlerinde Modellemeye Genel Bir Bak\u0131\u015f; \u00c7evre Jeofizi\u011fi Uygulamalar\u0131ndan \u00c7\u0131kar\u0131mlar. <i>T\u00fcrkiye Jeoloji B\u00fclteni<\/i>, 1-18.<br \/>\nErtekin,C., and <strong>Ulugergerli, E. U. <\/strong>Geoelectrical survey over perched aquifers in the northern part of Upper Sakarya River Basin, T\u00fcrkiye. Journal of Groundwater Science and Engineering, 2022, 10(4): 335-352. https:\/\/doi.org\/10.19637\/j.cnki.2305-7068.2022.04.003<br \/>\n<strong>Ulugergerli, E. U. <\/strong>(2017). Marine effects on vertical electrical soundings along shorelines. Turkish Journal of Earth Sciences, 26(1), 57-72<strong>.<\/strong><\/p>\n","protected":false},"excerpt":{"rendered":"<p>DES verilerinin nas\u0131l toplanmas\u0131 gerekti\u011fi ve dikkat edilmesi gereken baz\u0131 ayr\u0131nt\u0131lar konusunda ek bilgi i\u00e7in\u00a0t\u0131klay\u0131n\u0131z. 1B ve modelleme Saha \u00e7al\u0131\u015fmas\u0131ndan elde etti\u011finiz verilerin ters \u00e7\u00f6z\u00fcm\u00fc yap\u0131larak ve uygun noktalar kullan\u0131larak iki t\u00fcrde kesit haz\u0131rlan\u0131r; 1- Occam ters \u00e7\u00f6z\u00fcm\u00fc ile ince tabakalar kullanarak kesit \u00fcretilir, 2- tabakal\u0131 ortam yakla\u015f\u0131m\u0131 ile kesit \u00fcretilir. Bu \u00e7al\u0131\u015fma i\u00e7in \u00f6l\u00e7\u00fcm &hellip; <\/p>\n<p class=\"link-more\"><a href=\"https:\/\/emttarge.com\/site\/hizmetler\/des-ve-modelleme\/\" class=\"more-link\">Okumaya devam et<span class=\"screen-reader-text\"> &#8220;DES ve modelleme&#8221;<\/span><\/a><\/p>\n","protected":false},"author":1,"featured_media":0,"parent":7,"menu_order":0,"comment_status":"closed","ping_status":"closed","template":"","meta":{"footnotes":""},"class_list":["post-297","page","type-page","status-publish","hentry"],"_links":{"self":[{"href":"https:\/\/emttarge.com\/site\/wp-json\/wp\/v2\/pages\/297","targetHints":{"allow":["GET"]}}],"collection":[{"href":"https:\/\/emttarge.com\/site\/wp-json\/wp\/v2\/pages"}],"about":[{"href":"https:\/\/emttarge.com\/site\/wp-json\/wp\/v2\/types\/page"}],"author":[{"embeddable":true,"href":"https:\/\/emttarge.com\/site\/wp-json\/wp\/v2\/users\/1"}],"replies":[{"embeddable":true,"href":"https:\/\/emttarge.com\/site\/wp-json\/wp\/v2\/comments?post=297"}],"version-history":[{"count":14,"href":"https:\/\/emttarge.com\/site\/wp-json\/wp\/v2\/pages\/297\/revisions"}],"predecessor-version":[{"id":592,"href":"https:\/\/emttarge.com\/site\/wp-json\/wp\/v2\/pages\/297\/revisions\/592"}],"up":[{"embeddable":true,"href":"https:\/\/emttarge.com\/site\/wp-json\/wp\/v2\/pages\/7"}],"wp:attachment":[{"href":"https:\/\/emttarge.com\/site\/wp-json\/wp\/v2\/media?parent=297"}],"curies":[{"name":"wp","href":"https:\/\/api.w.org\/{rel}","templated":true}]}}