{"id":214,"date":"2018-12-12T20:31:21","date_gmt":"2018-12-12T20:31:21","guid":{"rendered":"https:\/\/emttarge.com\/site\/?page_id=214"},"modified":"2019-04-30T20:20:21","modified_gmt":"2019-04-30T20:20:21","slug":"gravite-modelleme","status":"publish","type":"page","link":"https:\/\/emttarge.com\/site\/hizmetler\/gravite-modelleme\/","title":{"rendered":"Gravite ve Modelleme"},"content":{"rendered":"<p>Gravite verilerini modelleme<\/p>\n<p>Taraf\u0131m\u0131zdan geli\u015ftirilen, hepsi-bir-arada\u00a0 yaz\u0131l\u0131mlar ile hizmet veriyoruz.<\/p>\n<p>\u00d6n yo\u011funluk bilgisi ve topografya kullan\u0131labilir.<\/p>\n<p>\u00d6nceden tan\u0131mlanm\u0131\u015f s\u0131n\u0131r \/ yap\u0131 gerektirmez.<\/p>\n<p>Veri t\u00fcrleri: Geleneksel karada toplanan, havadan toplanan, kuyu i\u00e7i \u00f6l\u00e7\u00fclen\u00a0 ve\u00a0 &#8220;Full tensor\u00a0 (FTG)&#8221; olabilir.<\/p>\n<p>\u00b7 H\u00fccreleri kullanarak 2B d\u00fcz ve\u00a0 ters \u00e7\u00f6z\u00fcm<\/p>\n<p>\u00b7 K\u00fcpleri kullanarak 3B d\u00fcz ve\u00a0 ters \u00e7\u00f6z\u00fcm<\/p>\n<p>\u00b7 Havza taban topo\u011frafyas\u0131 i\u00e7in 2B d\u00fcz ve\u00a0 ters \u00e7\u00f6z\u00fcm<\/p>\n<p>yap\u0131labilir. <a href=\"https:\/\/emttarge.com\/site\/iletisim\/\">\u0130leti\u015fim i\u00e7in t\u0131klay\u0131n<\/a><\/p>\n","protected":false},"excerpt":{"rendered":"<p>Gravite verilerini modelleme Taraf\u0131m\u0131zdan geli\u015ftirilen, hepsi-bir-arada\u00a0 yaz\u0131l\u0131mlar ile hizmet veriyoruz. \u00d6n yo\u011funluk bilgisi ve topografya kullan\u0131labilir. \u00d6nceden tan\u0131mlanm\u0131\u015f s\u0131n\u0131r \/ yap\u0131 gerektirmez. Veri t\u00fcrleri: Geleneksel karada toplanan, havadan toplanan, kuyu i\u00e7i \u00f6l\u00e7\u00fclen\u00a0 ve\u00a0 &#8220;Full tensor\u00a0 (FTG)&#8221; olabilir. \u00b7 H\u00fccreleri kullanarak 2B d\u00fcz ve\u00a0 ters \u00e7\u00f6z\u00fcm \u00b7 K\u00fcpleri kullanarak 3B d\u00fcz ve\u00a0 ters \u00e7\u00f6z\u00fcm \u00b7 Havza &hellip; <\/p>\n<p class=\"link-more\"><a href=\"https:\/\/emttarge.com\/site\/hizmetler\/gravite-modelleme\/\" class=\"more-link\">Okumaya devam et<span class=\"screen-reader-text\"> &#8220;Gravite ve Modelleme&#8221;<\/span><\/a><\/p>\n","protected":false},"author":1,"featured_media":261,"parent":7,"menu_order":0,"comment_status":"closed","ping_status":"closed","template":"","meta":{"footnotes":""},"class_list":["post-214","page","type-page","status-publish","has-post-thumbnail","hentry"],"_links":{"self":[{"href":"https:\/\/emttarge.com\/site\/wp-json\/wp\/v2\/pages\/214","targetHints":{"allow":["GET"]}}],"collection":[{"href":"https:\/\/emttarge.com\/site\/wp-json\/wp\/v2\/pages"}],"about":[{"href":"https:\/\/emttarge.com\/site\/wp-json\/wp\/v2\/types\/page"}],"author":[{"embeddable":true,"href":"https:\/\/emttarge.com\/site\/wp-json\/wp\/v2\/users\/1"}],"replies":[{"embeddable":true,"href":"https:\/\/emttarge.com\/site\/wp-json\/wp\/v2\/comments?post=214"}],"version-history":[{"count":7,"href":"https:\/\/emttarge.com\/site\/wp-json\/wp\/v2\/pages\/214\/revisions"}],"predecessor-version":[{"id":474,"href":"https:\/\/emttarge.com\/site\/wp-json\/wp\/v2\/pages\/214\/revisions\/474"}],"up":[{"embeddable":true,"href":"https:\/\/emttarge.com\/site\/wp-json\/wp\/v2\/pages\/7"}],"wp:featuredmedia":[{"embeddable":true,"href":"https:\/\/emttarge.com\/site\/wp-json\/wp\/v2\/media\/261"}],"wp:attachment":[{"href":"https:\/\/emttarge.com\/site\/wp-json\/wp\/v2\/media?parent=214"}],"curies":[{"name":"wp","href":"https:\/\/api.w.org\/{rel}","templated":true}]}}