{"id":186,"date":"2018-12-05T21:15:42","date_gmt":"2018-12-05T21:15:42","guid":{"rendered":"https:\/\/emttarge.com\/site\/?page_id=186"},"modified":"2025-04-07T06:54:40","modified_gmt":"2025-04-07T06:54:40","slug":"about-us","status":"publish","type":"page","link":"https:\/\/emttarge.com\/site\/en\/about-us\/","title":{"rendered":"About Us"},"content":{"rendered":"<p>About us<br \/>\nEMTT R &amp; D was established in 2018 in \u00c7anakkale with the purpose of developing\u00a0 software, producing purpose-oriented instruments and providing consultancy services.<\/p>\n<p>Our Aims<br \/>\nTo produce multi-dimensional modeling software (forward\u00a0and inverse solution) for\u00a0 geophysical data . To produce dry type non polarizable electrodes used in geophysical surveys and cathodic protection.<\/p>\n<p><strong>Some of the publications used our software<\/strong><br \/>\nGasimov, E., Pek\u015fen, E., Durda\u011f, D., Salamov, A., Najafov, O., &amp; Ulugergerli, E. U. (2025). Resistivity image of the L\u00f6kbatan Mud Volcano.\u00a0<i>Tectonophysics<\/i>, 230694.<\/p>\n<p>Zarif, F., Barseem, M., Elshenawy, A., &amp; Ulugergerli, E. U. (2024). 2D nonlinear inversion of DC resistivity measurements, a case study; southeastern part of Ras El Dabaa, Northwestern coast, Egypt.\u00a0<i>Environmental Earth Sciences<\/i>,\u00a0<i>83<\/i>(21), 1-15.<\/p>\n<p>Ertekin, C., &amp; Ulugergerli, E. U. (2022). Geoelectrical survey over perched aquifers in the northern part of Upper Sakarya River Basin, T\u00fcrkiye.\u00a0<i>Journal of Groundwater Science and Engineering<\/i>,\u00a0<i>10<\/i>(4), 335-352.<\/p>\n<p>Toker, C. E., &amp; Ulugergerli, E. U. (2021). Imaging the tectonic components under the Eastern Mediterranean and Black Sea with gravity (satellite) data.\u00a0<i>Bulletin of the Mineral Research and Exploration<\/i>,\u00a0<i>166<\/i>(166), 189-194.<\/p>\n<p>Karata\u015f, D. C., Zaman, U., &amp; Ulugergerli, E. U. (2019). An approach to obtain the structural information from the electrical resistivity well logging curves.\u00a0<i>Bulletin of the Mineral Research and Exploration<\/i>,\u00a0<i>158<\/i>(158), 345-352.<\/p>\n<p>Ulugergerli, E. U. (2011). Two dimensional combined inversion of short-and long-normal dc resistivity well log data.\u00a0<i>Journal of Applied Geophysics<\/i>,\u00a0<i>73<\/i>(2), 130-138.<\/p>\n<p>Ulugergerli, E. U. (2017). Marine effects on vertical electrical soundings along shorelines.\u00a0<i>Turkish Journal of Earth Sciences<\/i>,\u00a0<i>26<\/i>(1), 57-72.<\/p>\n","protected":false},"excerpt":{"rendered":"<p>About us EMTT R &amp; D was established in 2018 in \u00c7anakkale with the purpose of developing\u00a0 software, producing purpose-oriented instruments and providing consultancy services. Our Aims To produce multi-dimensional modeling software (forward\u00a0and inverse solution) for\u00a0 geophysical data . To produce dry type non polarizable electrodes used in geophysical surveys and cathodic protection. Some of &hellip; <\/p>\n<p class=\"link-more\"><a href=\"https:\/\/emttarge.com\/site\/en\/about-us\/\" class=\"more-link\">Okumaya devam et<span class=\"screen-reader-text\"> &#8220;About Us&#8221;<\/span><\/a><\/p>\n","protected":false},"author":1,"featured_media":0,"parent":0,"menu_order":0,"comment_status":"closed","ping_status":"closed","template":"","meta":{"footnotes":""},"class_list":["post-186","page","type-page","status-publish","hentry"],"_links":{"self":[{"href":"https:\/\/emttarge.com\/site\/wp-json\/wp\/v2\/pages\/186","targetHints":{"allow":["GET"]}}],"collection":[{"href":"https:\/\/emttarge.com\/site\/wp-json\/wp\/v2\/pages"}],"about":[{"href":"https:\/\/emttarge.com\/site\/wp-json\/wp\/v2\/types\/page"}],"author":[{"embeddable":true,"href":"https:\/\/emttarge.com\/site\/wp-json\/wp\/v2\/users\/1"}],"replies":[{"embeddable":true,"href":"https:\/\/emttarge.com\/site\/wp-json\/wp\/v2\/comments?post=186"}],"version-history":[{"count":4,"href":"https:\/\/emttarge.com\/site\/wp-json\/wp\/v2\/pages\/186\/revisions"}],"predecessor-version":[{"id":604,"href":"https:\/\/emttarge.com\/site\/wp-json\/wp\/v2\/pages\/186\/revisions\/604"}],"wp:attachment":[{"href":"https:\/\/emttarge.com\/site\/wp-json\/wp\/v2\/media?parent=186"}],"curies":[{"name":"wp","href":"https:\/\/api.w.org\/{rel}","templated":true}]}}