{"id":164,"date":"2018-12-05T20:03:32","date_gmt":"2018-12-05T20:03:32","guid":{"rendered":"https:\/\/emttarge.com\/site\/?page_id=164"},"modified":"2025-04-07T06:53:19","modified_gmt":"2025-04-07T06:53:19","slug":"kurumsal","status":"publish","type":"page","link":"https:\/\/emttarge.com\/site\/kurumsal\/","title":{"rendered":"Kurumsal"},"content":{"rendered":"<h3>Hakk\u0131m\u0131zda<\/h3>\n<p>EMTT\u00a0 AR-GE, 2018 y\u0131l\u0131nda, \u00d6zg\u00fcn yaz\u0131l\u0131mlar haz\u0131rlay\u0131p, amaca y\u00f6nelik \u00f6l\u00e7\u00fcm ayg\u0131tlar\u0131 \u00fcretip, dan\u0131\u015fmanl\u0131k hizmetleri vererek yerbilimlerine hizmet vermek amac\u0131 ile \u00c7anakkale de kurulmu\u015ftur.<\/p>\n<h3>Faaliyetlerimiz<\/h3>\n<p>Yeralt\u0131 ara\u015ft\u0131rmalar\u0131nda\u00a0kullan\u0131lan ba\u015fta do\u011fru ak\u0131m \u00f6zdiren\u00e7 y\u00f6ntemi verilerini yorumlamaya y\u00f6nelik, \u00e7ok boyutlu modelleme (ters \u00e7\u00f6z\u00fcm ve d\u00fcz \u00e7\u00f6z\u00fcm) yapan yaz\u0131l\u0131mlar \u00fcretmek. Jeofizik ara\u015ft\u0131rmalar\u0131nda ve katodik koruma i\u015flemlerinde\u00a0 kullan\u0131lan kuru t\u00fcrde elektrot \u00fcretmek. Mod\u00fcler yap\u0131da, do\u011fru ak\u0131m \u00f6zdiren\u00e7 y\u00f6ntemi ba\u015fta olmak \u00fczere\u00a0 yeralt\u0131 ara\u015ft\u0131rmalar\u0131nda kullan\u0131labilecek ayg\u0131t tasarlamak ve \u00fcretmek olarak \u00f6zetlenebilir.<\/p>\n<p><strong>Taraf\u0131m\u0131zdan \u00fcretilen yaz\u0131l\u0131mlarla yap\u0131lan yay\u0131n \u00f6rnekleri<\/strong><br \/>Gasimov, E., Pek\u015fen, E., Durda\u011f, D., Salamov, A., Najafov, O., &amp; Ulugergerli, E. U. (2025). Resistivity image of the L\u00f6kbatan Mud Volcano.\u00a0<i>Tectonophysics<\/i>, 230694.<\/p>\n<p>Zarif, F., Barseem, M., Elshenawy, A., &amp; Ulugergerli, E. U. (2024). 2D nonlinear inversion of DC resistivity measurements, a case study; southeastern part of Ras El Dabaa, Northwestern coast, Egypt.\u00a0<i>Environmental Earth Sciences<\/i>,\u00a0<i>83<\/i>(21), 1-15.<\/p>\n<p>Ertekin, C., &amp; Ulugergerli, E. U. (2022). Geoelectrical survey over perched aquifers in the northern part of Upper Sakarya River Basin, T\u00fcrkiye.\u00a0<i>Journal of Groundwater Science and Engineering<\/i>,\u00a0<i>10<\/i>(4), 335-352.<\/p>\n<p>Toker, C. E., &amp; Ulugergerli, E. U. (2021). Imaging the tectonic components under the Eastern Mediterranean and Black Sea with gravity (satellite) data.\u00a0<i>Bulletin of the Mineral Research and Exploration<\/i>,\u00a0<i>166<\/i>(166), 189-194.<\/p>\n<p>Karata\u015f, D. C., Zaman, U., &amp; Ulugergerli, E. U. (2019). An approach to obtain the structural information from the electrical resistivity well logging curves.\u00a0<i>Bulletin of the Mineral Research and Exploration<\/i>,\u00a0<i>158<\/i>(158), 345-352.<\/p>\n<p>Ulugergerli, E. U. (2011). Two dimensional combined inversion of short-and long-normal dc resistivity well log data.\u00a0<i>Journal of Applied Geophysics<\/i>,\u00a0<i>73<\/i>(2), 130-138.<\/p>\n<p>Ulugergerli, E. U. (2017). Marine effects on vertical electrical soundings along shorelines. <i>Turkish Journal of Earth Sciences<\/i>,\u00a0<i>26<\/i>(1), 57-72.<\/p>\n\n","protected":false},"excerpt":{"rendered":"<p>Hakk\u0131m\u0131zda EMTT\u00a0 AR-GE, 2018 y\u0131l\u0131nda, \u00d6zg\u00fcn yaz\u0131l\u0131mlar haz\u0131rlay\u0131p, amaca y\u00f6nelik \u00f6l\u00e7\u00fcm ayg\u0131tlar\u0131 \u00fcretip, dan\u0131\u015fmanl\u0131k hizmetleri vererek yerbilimlerine hizmet vermek amac\u0131 ile \u00c7anakkale de kurulmu\u015ftur. Faaliyetlerimiz Yeralt\u0131 ara\u015ft\u0131rmalar\u0131nda\u00a0kullan\u0131lan ba\u015fta do\u011fru ak\u0131m \u00f6zdiren\u00e7 y\u00f6ntemi verilerini yorumlamaya y\u00f6nelik, \u00e7ok boyutlu modelleme (ters \u00e7\u00f6z\u00fcm ve d\u00fcz \u00e7\u00f6z\u00fcm) yapan yaz\u0131l\u0131mlar \u00fcretmek. Jeofizik ara\u015ft\u0131rmalar\u0131nda ve katodik koruma i\u015flemlerinde\u00a0 kullan\u0131lan kuru t\u00fcrde &hellip; <\/p>\n<p class=\"link-more\"><a href=\"https:\/\/emttarge.com\/site\/kurumsal\/\" class=\"more-link\">Okumaya devam et<span class=\"screen-reader-text\"> &#8220;Kurumsal&#8221;<\/span><\/a><\/p>\n","protected":false},"author":1,"featured_media":0,"parent":0,"menu_order":0,"comment_status":"closed","ping_status":"closed","template":"","meta":{"footnotes":""},"class_list":["post-164","page","type-page","status-publish","hentry"],"_links":{"self":[{"href":"https:\/\/emttarge.com\/site\/wp-json\/wp\/v2\/pages\/164","targetHints":{"allow":["GET"]}}],"collection":[{"href":"https:\/\/emttarge.com\/site\/wp-json\/wp\/v2\/pages"}],"about":[{"href":"https:\/\/emttarge.com\/site\/wp-json\/wp\/v2\/types\/page"}],"author":[{"embeddable":true,"href":"https:\/\/emttarge.com\/site\/wp-json\/wp\/v2\/users\/1"}],"replies":[{"embeddable":true,"href":"https:\/\/emttarge.com\/site\/wp-json\/wp\/v2\/comments?post=164"}],"version-history":[{"count":5,"href":"https:\/\/emttarge.com\/site\/wp-json\/wp\/v2\/pages\/164\/revisions"}],"predecessor-version":[{"id":603,"href":"https:\/\/emttarge.com\/site\/wp-json\/wp\/v2\/pages\/164\/revisions\/603"}],"wp:attachment":[{"href":"https:\/\/emttarge.com\/site\/wp-json\/wp\/v2\/media?parent=164"}],"curies":[{"name":"wp","href":"https:\/\/api.w.org\/{rel}","templated":true}]}}