{"id":159,"date":"2018-12-05T19:57:46","date_gmt":"2018-12-05T19:57:46","guid":{"rendered":"https:\/\/emttarge.com\/site\/?page_id=159"},"modified":"2019-08-06T11:56:28","modified_gmt":"2019-08-06T11:56:28","slug":"iletisim","status":"publish","type":"page","link":"https:\/\/emttarge.com\/site\/iletisim\/","title":{"rendered":"\u0130leti\u015fim"},"content":{"rendered":"<h3>\u0130leti\u015fim Bilgileri<\/h3>\n<p><img loading=\"lazy\" decoding=\"async\" class=\" wp-image-70 alignleft\" src=\"https:\/\/emttarge.com\/site\/wp-content\/uploads\/2018\/12\/logo-e1544017323906.png\" alt=\"EMTT AR-GE\" width=\"291\" height=\"129\" \/><\/p>\n<div>\n<div><\/div>\n<div><\/div>\n<div><\/div>\n<div><\/div>\n<\/div>\n<div><\/div>\n<div>\n<div><span style=\"font-size: 10pt;\">E-mail: emin@comu.edu.tr<\/span><\/div>\n<div><span style=\"font-size: 10pt;\">Tel +90 542 530 20 70<\/span><\/div>\n<div><span style=\"font-size: 10pt;\">Adres<\/span><\/div>\n<div style=\"padding-left: 30px;\"><\/div>\n<div style=\"padding-left: 30px;\"><span style=\"font-size: 10pt;\">\u00c7anakkale, 17100<\/span><\/div>\n<\/div>\n<div><\/div>\n","protected":false},"excerpt":{"rendered":"<p>\u0130leti\u015fim Bilgileri E-mail: emin@comu.edu.tr Tel +90 542 530 20 70 Adres \u00c7anakkale, 17100<\/p>\n","protected":false},"author":1,"featured_media":0,"parent":0,"menu_order":0,"comment_status":"closed","ping_status":"closed","template":"","meta":{"footnotes":""},"class_list":["post-159","page","type-page","status-publish","hentry"],"_links":{"self":[{"href":"https:\/\/emttarge.com\/site\/wp-json\/wp\/v2\/pages\/159","targetHints":{"allow":["GET"]}}],"collection":[{"href":"https:\/\/emttarge.com\/site\/wp-json\/wp\/v2\/pages"}],"about":[{"href":"https:\/\/emttarge.com\/site\/wp-json\/wp\/v2\/types\/page"}],"author":[{"embeddable":true,"href":"https:\/\/emttarge.com\/site\/wp-json\/wp\/v2\/users\/1"}],"replies":[{"embeddable":true,"href":"https:\/\/emttarge.com\/site\/wp-json\/wp\/v2\/comments?post=159"}],"version-history":[{"count":9,"href":"https:\/\/emttarge.com\/site\/wp-json\/wp\/v2\/pages\/159\/revisions"}],"predecessor-version":[{"id":522,"href":"https:\/\/emttarge.com\/site\/wp-json\/wp\/v2\/pages\/159\/revisions\/522"}],"wp:attachment":[{"href":"https:\/\/emttarge.com\/site\/wp-json\/wp\/v2\/media?parent=159"}],"curies":[{"name":"wp","href":"https:\/\/api.w.org\/{rel}","templated":true}]}}