{"id":154,"date":"2018-12-05T19:50:37","date_gmt":"2018-12-05T19:50:37","guid":{"rendered":"https:\/\/emttarge.com\/site\/?page_id=154"},"modified":"2021-05-29T18:01:40","modified_gmt":"2021-05-29T18:01:40","slug":"elektrot-2","status":"publish","type":"page","link":"https:\/\/emttarge.com\/site\/elektrot-2\/","title":{"rendered":"Elektrot"},"content":{"rendered":"<div class=\"blog\">\n<h5>Polarize olmayan Elektrot<\/h5>\n<table style=\"height: 261px; width: 100%; border-collapse: collapse;\" border=\"0\">\n<tbody>\n<tr style=\"height: 261px;\">\n<td style=\"width: 74.9635%; height: 261px;\">\n<figure id=\"attachment_74\" aria-describedby=\"caption-attachment-74\" style=\"width: 250px\" class=\"wp-caption alignnone\"><img loading=\"lazy\" decoding=\"async\" class=\"size-full wp-image-74\" src=\"https:\/\/emttarge.com\/site\/wp-content\/uploads\/2018\/12\/non_polarize_elektrot.png\" alt=\"polarize olmayan elektrot\" width=\"250\" height=\"189\" \/><figcaption id=\"caption-attachment-74\" class=\"wp-caption-text\">U\u00e7la\u015fmayan elektrot<\/figcaption><\/figure>\n<p><span style=\"font-size: 10pt;\">Yerin do\u011fal gerilimini (SP) veya EM alan\u0131n elektrik alan bile\u015fenini (E) veya Yapay u\u00e7la\u015fma (IP) verilerini elde etmede u\u00e7la\u015fmayan (polarize olmayan) elektrotlar kullan\u0131l\u0131r. Ayr\u0131ca katodik koruma \u00e7al\u0131\u015fmalar\u0131nda da benzer elektrotlara gereksinim duyulur.<\/span><\/p>\n<p><span style=\"font-size: 10pt;\">Elektrotlar hakk\u0131nda ek bilgi i\u00e7in<a href=\"https:\/\/emttarge.com\/site\/sp-veya-du-elektrodlari\/\"> t\u0131klay\u0131n<\/a><\/span><\/td>\n<td style=\"width: 25.0365%; height: 261px;\"><\/td>\n<\/tr>\n<\/tbody>\n<\/table>\n<\/div>\n<div class=\"article\">\n<h5>Elektrot Yap\u0131s\u0131<\/h5>\n<table style=\"width: 100%; border-collapse: collapse;\" border=\"0\">\n<tbody>\n<tr>\n<td style=\"width: 76.4234%;\"><img loading=\"lazy\" decoding=\"async\" class=\"alignnone size-full wp-image-63\" src=\"https:\/\/emttarge.com\/site\/wp-content\/uploads\/2018\/12\/duraylilik.png\" alt=\"\" width=\"164\" height=\"103\" \/><\/p>\n<p style=\"line-height: 1.71429; margin-bottom: 1.71429rem; color: #444444; font-size: 14px;\"><span style=\"font-size: 10pt;\">U\u00e7la\u015fmayan elektrotlar durayl\u0131 olmal\u0131d\u0131r. Bu elektrotlar\u0131n yap\u0131s\u0131nda,metal ve metal \u00e7\u00f6zeltisi olarak<\/span><\/p>\n<p style=\"line-height: 1.71429; margin-bottom: 1.71429rem; color: #444444; font-size: 14px;\"><span style=\"font-size: 10pt;\">Ag ile AgCl,<\/span><\/p>\n<p style=\"line-height: 1.71429; margin-bottom: 1.71429rem; color: #444444; font-size: 14px;\"><span style=\"font-size: 10pt;\">Cu ile CuSO4,<\/span><\/p>\n<p style=\"line-height: 1.71429; margin-bottom: 1.71429rem; color: #444444; font-size: 14px;\"><span style=\"font-size: 10pt;\">Pb ile PbCl2,<\/span><\/p>\n<p style=\"line-height: 1.71429; margin-bottom: 1.71429rem; color: #444444; font-size: 14px;\"><span style=\"font-size: 10pt;\">Zn ile ZnSO4 kullan\u0131labilir.<\/span><\/p>\n<\/td>\n<td style=\"width: 23.5766%;\"><\/td>\n<\/tr>\n<\/tbody>\n<\/table>\n<\/div>\n<h5><strong>\u00dcretim<\/strong><\/h5>\n<table style=\"width: 100%; border-collapse: collapse; height: 97px;\" border=\"0\">\n<tbody>\n<tr style=\"height: 97px;\">\n<td style=\"width: 94.9275%; height: 97px;\">\n<p><span style=\"font-size: 10pt;\">Kendi tasar\u0131m ve \u00fcretimimiz olan kuru t\u00fcrdeki elektrolar\u0131 yan\u0131 s\u0131ra amaca y\u00f6nelik elektrot \u00fcretebiliriz.<a href=\"https:\/\/emttarge.com\/site\/iletisim\/\"> \u0130leti\u015fim i\u00e7in t\u0131klay\u0131n<\/a><\/span><\/td>\n<td style=\"width: 5.07246%; height: 97px;\"><\/td>\n<\/tr>\n<\/tbody>\n<\/table>\n","protected":false},"excerpt":{"rendered":"<p>Polarize olmayan Elektrot Yerin do\u011fal gerilimini (SP) veya EM alan\u0131n elektrik alan bile\u015fenini (E) veya Yapay u\u00e7la\u015fma (IP) verilerini elde etmede u\u00e7la\u015fmayan (polarize olmayan) elektrotlar kullan\u0131l\u0131r. Ayr\u0131ca katodik koruma \u00e7al\u0131\u015fmalar\u0131nda da benzer elektrotlara gereksinim duyulur. Elektrotlar hakk\u0131nda ek bilgi i\u00e7in t\u0131klay\u0131n Elektrot Yap\u0131s\u0131 U\u00e7la\u015fmayan elektrotlar durayl\u0131 olmal\u0131d\u0131r. Bu elektrotlar\u0131n yap\u0131s\u0131nda,metal ve metal \u00e7\u00f6zeltisi olarak Ag &hellip; <\/p>\n<p class=\"link-more\"><a href=\"https:\/\/emttarge.com\/site\/elektrot-2\/\" class=\"more-link\">Okumaya devam et<span class=\"screen-reader-text\"> &#8220;Elektrot&#8221;<\/span><\/a><\/p>\n","protected":false},"author":1,"featured_media":0,"parent":0,"menu_order":0,"comment_status":"closed","ping_status":"closed","template":"","meta":{"footnotes":""},"class_list":["post-154","page","type-page","status-publish","hentry"],"_links":{"self":[{"href":"https:\/\/emttarge.com\/site\/wp-json\/wp\/v2\/pages\/154","targetHints":{"allow":["GET"]}}],"collection":[{"href":"https:\/\/emttarge.com\/site\/wp-json\/wp\/v2\/pages"}],"about":[{"href":"https:\/\/emttarge.com\/site\/wp-json\/wp\/v2\/types\/page"}],"author":[{"embeddable":true,"href":"https:\/\/emttarge.com\/site\/wp-json\/wp\/v2\/users\/1"}],"replies":[{"embeddable":true,"href":"https:\/\/emttarge.com\/site\/wp-json\/wp\/v2\/comments?post=154"}],"version-history":[{"count":12,"href":"https:\/\/emttarge.com\/site\/wp-json\/wp\/v2\/pages\/154\/revisions"}],"predecessor-version":[{"id":577,"href":"https:\/\/emttarge.com\/site\/wp-json\/wp\/v2\/pages\/154\/revisions\/577"}],"wp:attachment":[{"href":"https:\/\/emttarge.com\/site\/wp-json\/wp\/v2\/media?parent=154"}],"curies":[{"name":"wp","href":"https:\/\/api.w.org\/{rel}","templated":true}]}}