{"id":12,"date":"2018-12-04T08:26:21","date_gmt":"2018-12-04T08:26:21","guid":{"rendered":"https:\/\/emttarge.com\/site\/?page_id=12"},"modified":"2021-05-29T17:58:27","modified_gmt":"2021-05-29T17:58:27","slug":"masw","status":"publish","type":"page","link":"https:\/\/emttarge.com\/site\/masw\/","title":{"rendered":"MASW"},"content":{"rendered":"<div class=\"entry-content\">\n<h3>Y\u00f6ntem<\/h3>\n<div class=\"blog\">\n<table style=\"width: 100%;\" border=\"0\">\n<tbody>\n<tr>\n<td style=\"width: 89.1176%;\">MASW y\u00f6ntemi,\u00a0 Rayleigh\u00a0dalgas\u0131n\u0131n yay\u0131n\u0131m\u0131n\u0131 g\u00f6zlemleyerek\u00a0\u00a0S dalga h\u0131z\u0131n\u0131 edilmesi amac\u0131yla kullan\u0131l\u0131r. Sismik k\u0131r\u0131lma \u00e7al\u0131\u015fmas\u0131na benzer olarak, yapay olarak olu\u015fturulan\u00a0kaynaktan yay\u0131lan dalgalar 1-2 m aral\u0131kl\u0131 dizilmi\u015f jeofonlar yard\u0131m\u0131yla kay\u0131t edilir. Analiz sonucunda 30m derinli\u011fe kadar S-dalga h\u0131z\u0131n\u0131n ortalamas\u0131 (Vs<sub>30<\/sub>\u00a0)\u00a0 ara\u015ft\u0131r\u0131l\u0131r.<\/td>\n<td style=\"width: 10.7353%;\">\n<div id=\"attachment_48\" class=\"wp-caption aligncenter\">\n<p class=\"wp-caption-text\">\n<\/div>\n<\/td>\n<\/tr>\n<\/tbody>\n<\/table>\n<\/div>\n<div class=\"article\">\n<h3>Veri toplama<\/h3>\n<table style=\"width: 100%;\" border=\"0\">\n<tbody>\n<tr>\n<td style=\"width: 88.6765%;\">\n<div>\n<p>Alan \u00e7al\u0131\u015fmas\u0131nda; Alan\u0131n durumuna g\u00f6re farkl\u0131 jeofon aral\u0131klar\u0131 ve kaynak uzakl\u0131\u011f\u0131 (offset) denenmeli \u00f6l\u00e7\u00fclen verilerden dispersiyon elde edilip edilmeyece\u011fine bak\u0131lmal\u0131d\u0131r. Kaynak\u00a0 balyoz ile veya a\u011f\u0131rl\u0131k d\u00fc\u015f\u00fcrme yoluyla olu\u015fturulabilir.<\/p>\n<\/div>\n<\/td>\n<td style=\"width: 11.1765%;\"><\/td>\n<\/tr>\n<\/tbody>\n<\/table>\n<\/div>\n<div class=\"news\">\n<h3>\u00d6l\u00e7\u00fcm<\/h3>\n<table style=\"width: 100%;\" border=\"0\">\n<tbody>\n<tr>\n<td style=\"width: 94.4118%;\">Uygulamada her sahada 1 serim ile \u00f6l\u00e7\u00fc al\u0131nmaktad\u0131r. anacak verilerin yorumu a\u015famas\u0131nda tek serimden elde edilen Vs -derinlik modeli g\u00fcvenilir olmayabilir.<\/p>\n<p>Her \u00e7al\u0131\u015fma i\u00e7in birbirine ge\u00e7meli en az 3 \u00f6l\u00e7\u00fc \u00f6nerilir. Hat boyunca \u00f6l\u00e7\u00fcmler her zaman birbirini denetler ve yan yana elde edilen tabakal\u0131 (1B) modeller yard\u0131m\u0131yla\u00a0 yalanc\u0131 (pseudo) 2B kesit elde edilebilir.<\/td>\n<td style=\"width: 5.44118%;\">\n<div id=\"attachment_62\" class=\"wp-caption aligncenter\">\n<p class=\"wp-caption-text\">\n<\/div>\n<\/td>\n<\/tr>\n<\/tbody>\n<\/table>\n<\/div>\n<div class=\"news\">\n<h3>Ara\u015ft\u0131rma derinli\u011fi<\/h3>\n<table style=\"width: 100%;\" border=\"0\">\n<tbody>\n<tr>\n<td style=\"width: 92.2059%;\"><img loading=\"lazy\" decoding=\"async\" class=\"alignnone size-full wp-image-72\" src=\"https:\/\/emttarge.com\/site\/wp-content\/uploads\/2018\/12\/masw.png\" alt=\"\" width=\"220\" height=\"270\" \/><\/p>\n<p>Ara\u015ft\u0131rma derinli\u011fi (d) yakla\u015f\u0131k olarak dispersiyon(V<sub>D<\/sub>) e\u011frisinden frekans-derinlik d\u00f6n\u00fc\u015f\u00fcm ba\u011f\u0131nt\u0131s\u0131 ile kestirilebilir,<\/p>\n<p>d=V<sub>D<\/sub> \/ (2 f )<\/p>\n<p>V<sub>D<\/sub>-frekans (f) egrisi uzun elde edilirse ara\u015ft\u0131r\u0131lan derinlik orant\u0131l\u0131 olarak artar.<\/td>\n<td style=\"width: 7.64706%;\">\n<div id=\"attachment_66\" class=\"wp-caption aligncenter\">\n<p class=\"wp-caption-text\">\n<\/div>\n<\/td>\n<\/tr>\n<\/tbody>\n<\/table>\n<\/div>\n<div class=\"article\">\n<div>\n<h3>1B Ters \u00c7\u00f6z\u00fcm<\/h3>\n<table border=\"0\">\n<tbody>\n<tr>\n<td style=\"width: 354.609px;\">1B modelleme \u00e7al\u0131\u015fmalar\u0131nda katmanlar\u0131n varl\u0131\u011f\u0131 ara\u015ft\u0131r\u0131l\u0131rken. Y\u00f6ntemin \u00f6zelli\u011fi gere\u011fi \u00e7ok farkl\u0131 model elde edilebilir.<\/td>\n<td style=\"width: 209.609px;\"><\/td>\n<\/tr>\n<\/tbody>\n<\/table>\n<\/div>\n<\/div>\n<div class=\"news\">\n<div>\n<\/div>\n<\/div>\n<\/div>\n<footer class=\"entry-meta\"><span class=\"edit-link\"><a class=\"post-edit-link\" href=\"https:\/\/emttarge.com\/site\/wp-admin\/post.php?post=10&amp;action=edit\">D\u00fczenle<\/a><\/span><\/footer>\n","protected":false},"excerpt":{"rendered":"<p>Y\u00f6ntem MASW y\u00f6ntemi,\u00a0 Rayleigh\u00a0dalgas\u0131n\u0131n yay\u0131n\u0131m\u0131n\u0131 g\u00f6zlemleyerek\u00a0\u00a0S dalga h\u0131z\u0131n\u0131 edilmesi amac\u0131yla kullan\u0131l\u0131r. Sismik k\u0131r\u0131lma \u00e7al\u0131\u015fmas\u0131na benzer olarak, yapay olarak olu\u015fturulan\u00a0kaynaktan yay\u0131lan dalgalar 1-2 m aral\u0131kl\u0131 dizilmi\u015f jeofonlar yard\u0131m\u0131yla kay\u0131t edilir. Analiz sonucunda 30m derinli\u011fe kadar S-dalga h\u0131z\u0131n\u0131n ortalamas\u0131 (Vs30\u00a0)\u00a0 ara\u015ft\u0131r\u0131l\u0131r. Veri toplama Alan \u00e7al\u0131\u015fmas\u0131nda; Alan\u0131n durumuna g\u00f6re farkl\u0131 jeofon aral\u0131klar\u0131 ve kaynak uzakl\u0131\u011f\u0131 (offset) denenmeli \u00f6l\u00e7\u00fclen &hellip; <\/p>\n<p class=\"link-more\"><a href=\"https:\/\/emttarge.com\/site\/masw\/\" class=\"more-link\">Okumaya devam et<span class=\"screen-reader-text\"> &#8220;MASW&#8221;<\/span><\/a><\/p>\n","protected":false},"author":1,"featured_media":72,"parent":0,"menu_order":0,"comment_status":"closed","ping_status":"closed","template":"","meta":{"footnotes":""},"class_list":["post-12","page","type-page","status-publish","has-post-thumbnail","hentry"],"_links":{"self":[{"href":"https:\/\/emttarge.com\/site\/wp-json\/wp\/v2\/pages\/12","targetHints":{"allow":["GET"]}}],"collection":[{"href":"https:\/\/emttarge.com\/site\/wp-json\/wp\/v2\/pages"}],"about":[{"href":"https:\/\/emttarge.com\/site\/wp-json\/wp\/v2\/types\/page"}],"author":[{"embeddable":true,"href":"https:\/\/emttarge.com\/site\/wp-json\/wp\/v2\/users\/1"}],"replies":[{"embeddable":true,"href":"https:\/\/emttarge.com\/site\/wp-json\/wp\/v2\/comments?post=12"}],"version-history":[{"count":12,"href":"https:\/\/emttarge.com\/site\/wp-json\/wp\/v2\/pages\/12\/revisions"}],"predecessor-version":[{"id":575,"href":"https:\/\/emttarge.com\/site\/wp-json\/wp\/v2\/pages\/12\/revisions\/575"}],"wp:featuredmedia":[{"embeddable":true,"href":"https:\/\/emttarge.com\/site\/wp-json\/wp\/v2\/media\/72"}],"wp:attachment":[{"href":"https:\/\/emttarge.com\/site\/wp-json\/wp\/v2\/media?parent=12"}],"curies":[{"name":"wp","href":"https:\/\/api.w.org\/{rel}","templated":true}]}}